{"id":888,"date":"2021-11-22T12:17:57","date_gmt":"2021-11-22T11:17:57","guid":{"rendered":"https:\/\/nakara-instrument.com\/index.php\/members\/"},"modified":"2021-11-22T12:17:57","modified_gmt":"2021-11-22T11:17:57","slug":"members","status":"publish","type":"page","link":"https:\/\/nakara-instrument.com\/index.php\/members\/","title":{"rendered":"Membres"},"content":{"rendered":"\r\n<script type=\"text\/template\" id=\"tmpl-um-member-grid-49673\">\r\n\t<div class=\"um-members um-members-grid\">\r\n\t\t<div class=\"um-gutter-sizer\"><\/div>\r\n\r\n\t\t<# if ( data.length > 0 ) { #>\r\n\t\t\t<# _.each( data, function( user, key, list ) { #>\r\n\r\n\t\t\t\t<div id=\"um-member-{{{user.card_anchor}}}-49673\" class=\"um-member um-role-{{{user.role}}} {{{user.account_status}}} with-cover\">\r\n\r\n\t\t\t\t\t<span class=\"um-member-status {{{user.account_status}}}\">\r\n\t\t\t\t\t\t{{{user.account_status_name}}}\r\n\t\t\t\t\t<\/span>\r\n\r\n\t\t\t\t\t\t\t\t\t\t\t<div class=\"um-member-cover\" data-ratio=\"2.7:1\">\r\n\t\t\t\t\t\t\t<div class=\"um-member-cover-e\">\r\n\t\t\t\t\t\t\t\t<a href=\"{{{user.profile_url}}}\" title=\"<# if ( user.display_name ) { #>{{{user.display_name}}}<# } #>\">\r\n\t\t\t\t\t\t\t\t\t{{{user.cover_photo}}}\r\n\t\t\t\t\t\t\t\t<\/a>\r\n\t\t\t\t\t\t\t<\/div>\r\n\t\t\t\t\t\t<\/div>\r\n\t\t\t\t\t\t\t\t\t\t\t<div class=\"um-member-photo radius-1\">\r\n\t\t\t\t\t\t\t<a href=\"{{{user.profile_url}}}\" title=\"<# if ( user.display_name ) { #>{{{user.display_name}}}<# } #>\">\r\n\t\t\t\t\t\t\t\t{{{user.avatar}}}\r\n\t\t\t\t\t\t\t\t\t\t\t\t\t\t\t<\/a>\r\n\t\t\t\t\t\t<\/div>\r\n\t\t\t\t\t\r\n\r\n\t\t\t\t\t<div class=\"um-member-card \">\r\n\t\t\t\t\t\t\t\t\t\t\t\t\t<# if ( user.display_name_html ) { #>\r\n\t\t\t\t\t\t\t\t<div class=\"um-member-name\">\r\n\t\t\t\t\t\t\t\t\t<a href=\"{{{user.profile_url}}}\" title=\"{{{user.display_name}}}\">\r\n\t\t\t\t\t\t\t\t\t\t{{{user.display_name_html}}}\r\n\t\t\t\t\t\t\t\t\t<\/a>\r\n\t\t\t\t\t\t\t\t<\/div>\r\n\t\t\t\t\t\t\t<# } #>\r\n\t\t\t\t\t\t\t\t\t\t\t\t{{{user.hook_just_after_name}}}\r\n\r\n\r\n\t\t\t\t\t\t<# if ( user.can_edit ) { #>\r\n\t\t\t\t\t\t\t<div class=\"um-members-edit-btn\">\r\n\t\t\t\t\t\t\t\t<a href=\"{{{user.edit_profile_url}}}\" class=\"um-edit-profile-btn um-button um-alt\">\r\n\t\t\t\t\t\t\t\t\tModifier le profil\t\t\t\t\t\t\t\t<\/a>\r\n\t\t\t\t\t\t\t<\/div>\r\n\t\t\t\t\t\t<# } #>\r\n\r\n\r\n\t\t\t\t\t\t\t\t\t\t\t\t{{{user.hook_after_user_name}}}\r\n\r\n\r\n\t\t\t\t\t\t\r\n\t\t\t\t\t<\/div>\r\n\t\t\t\t<\/div>\r\n\r\n\t\t\t<# }); #>\r\n\t\t<# } else { #>\r\n\r\n\t\t\t<div class=\"um-members-none\">\r\n\t\t\t\t<p>Nous sommes d\u00e9sol\u00e9s. Nous ne pouvons pas trouver un\u00b7e utilisateur\/utilisatrice qui r\u00e9pond \u00e0 vos crit\u00e8res de recherche.<\/p>\r\n\t\t\t<\/div>\r\n\r\n\t\t<# } #>\r\n\r\n\t\t<div class=\"um-clear\"><\/div>\r\n\t<\/div>\r\n<\/script>\r\n\r\n\r\n<script type=\"text\/template\" id=\"tmpl-um-members-header\">\r\n\t<div class=\"um-members-intro\">\r\n\t\t<div class=\"um-members-total\">\r\n\t\t\t<# if ( data.pagination.total_users == 1 ) { #>\r\n\t\t\t\t{{{data.pagination.header_single}}}\r\n\t\t\t<# } else if ( data.pagination.total_users > 1 ) { #>\r\n\t\t\t\t{{{data.pagination.header}}}\r\n\t\t\t<# } #>\r\n\t\t<\/div>\r\n\t<\/div>\r\n\r\n\t<div class=\"um-clear\"><\/div>\r\n<\/script>\r\n\r\n<script type=\"text\/template\" id=\"tmpl-um-members-pagination\">\r\n\t<# if ( data.pagination.pages_to_show.length > 0 ) { #>\r\n\t\t<div class=\"um-members-pagidrop uimob340-show uimob500-show\">\r\n\t\t\tAller \u00e0 la page\u00a0:\t\t\t<select class=\"um-s2 um-members-pagi-dropdown\" style=\"width: 100px;display:inline-block;\">\r\n\t\t\t\t<# _.each( data.pagination.pages_to_show, function( page, key, list ) { #>\r\n\t\t\t\t\t<option value=\"{{{page}}}\" <# if ( page == data.pagination.current_page ) { #>selected<# } #>>{{{page}}} sur {{{data.pagination.total_pages}}}<\/option>\r\n\t\t\t\t<# }); #>\r\n\t\t\t<\/select>\r\n\t\t<\/div>\r\n\r\n\t\t<div class=\"um-members-pagi uimob340-hide uimob500-hide\">\r\n\t\t\t<span class=\"pagi pagi-arrow <# if ( data.pagination.current_page == 1 ) { #>disabled<# } #>\" data-page=\"first\" aria-label=\"Premi\u00e8re page\"><i class=\"um-faicon-angle-double-left\"><\/i><\/span>\r\n\t\t\t<span class=\"pagi pagi-arrow <# if ( data.pagination.current_page == 1 ) { #>disabled<# } #>\" data-page=\"prev\" aria-label=\"Page pr\u00e9c\u00e9dente\"><i class=\"um-faicon-angle-left\"><\/i><\/span>\r\n\r\n\t\t\t<# _.each( data.pagination.pages_to_show, function( page, key, list ) { #>\r\n\t\t\t\t<span class=\"pagi <# if ( page == data.pagination.current_page ) { #>current<# } #>\" data-page=\"{{{page}}}\">{{{page}}}<\/span>\r\n\t\t\t<# }); #>\r\n\r\n\t\t\t<span class=\"pagi pagi-arrow <# if ( data.pagination.current_page == data.pagination.total_pages ) { #>disabled<# } #>\" data-page=\"next\" aria-label=\"Page suivante\"><i class=\"um-faicon-angle-right\"><\/i><\/span>\r\n\t\t\t<span class=\"pagi pagi-arrow <# if ( data.pagination.current_page == data.pagination.total_pages ) { #>disabled<# } #>\" data-page=\"last\" aria-label=\"Derni\u00e8re page\"><i class=\"um-faicon-angle-double-right\"><\/i><\/span>\r\n\t\t<\/div>\r\n\t<# } #>\r\n<\/script>\r\n<div class=\"um um-directory um-49673\"\r\n     data-hash=\"49673\" data-base-post=\"888\"\r\n\t data-must-search=\"0\" data-searched=\"1\"\r\n\t data-view_type=\"grid\" data-page=\"1\"\r\n\t data-sorting=\"\">\r\n\t<div class=\"um-members-overlay\"><div class=\"um-ajax-loading\"><\/div><\/div>\r\n\r\n\t<div class=\"um-member-directory-header um-form\">\r\n\r\n\t\t\r\n\t\t\r\n\r\n\t\t\t<\/div>\r\n\r\n\t<div class=\"um-members-wrapper\"><\/div>\r\n\r\n\t<div class=\"um-members-pagination-box\"><\/div>\r\n\r\n\t\r\n<\/div>\r\n<style type=\"text\/css\">\n<\/style>\n<style type=\"text\/css\">\r\n<\/style>\n","protected":false},"excerpt":{"rendered":"","protected":false},"author":1,"featured_media":0,"parent":0,"menu_order":0,"comment_status":"closed","ping_status":"closed","template":"","meta":{"_et_pb_use_builder":"","_et_pb_old_content":"","_et_gb_content_width":"","footnotes":""},"class_list":["post-888","page","type-page","status-publish","hentry"],"_links":{"self":[{"href":"https:\/\/nakara-instrument.com\/index.php\/wp-json\/wp\/v2\/pages\/888","targetHints":{"allow":["GET"]}}],"collection":[{"href":"https:\/\/nakara-instrument.com\/index.php\/wp-json\/wp\/v2\/pages"}],"about":[{"href":"https:\/\/nakara-instrument.com\/index.php\/wp-json\/wp\/v2\/types\/page"}],"author":[{"embeddable":true,"href":"https:\/\/nakara-instrument.com\/index.php\/wp-json\/wp\/v2\/users\/1"}],"replies":[{"embeddable":true,"href":"https:\/\/nakara-instrument.com\/index.php\/wp-json\/wp\/v2\/comments?post=888"}],"version-history":[{"count":1,"href":"https:\/\/nakara-instrument.com\/index.php\/wp-json\/wp\/v2\/pages\/888\/revisions"}],"predecessor-version":[{"id":894,"href":"https:\/\/nakara-instrument.com\/index.php\/wp-json\/wp\/v2\/pages\/888\/revisions\/894"}],"wp:attachment":[{"href":"https:\/\/nakara-instrument.com\/index.php\/wp-json\/wp\/v2\/media?parent=888"}],"curies":[{"name":"wp","href":"https:\/\/api.w.org\/{rel}","templated":true}]}}